{"id":706,"date":"2025-07-25T08:29:59","date_gmt":"2025-07-25T06:29:59","guid":{"rendered":"https:\/\/www.synerpy.com\/cm\/?page_id=706"},"modified":"2026-02-11T08:32:06","modified_gmt":"2026-02-11T07:32:06","slug":"impressum","status":"publish","type":"page","link":"https:\/\/www.synerpy.com\/cm\/impressum\/","title":{"rendered":"Impressum"},"content":{"rendered":"\t\t<div data-elementor-type=\"wp-page\" data-elementor-id=\"706\" class=\"elementor elementor-706\" data-elementor-post-type=\"page\">\n\t\t\t\t\t\t<section class=\"elementor-section elementor-top-section elementor-element elementor-element-9af2f75 elementor-section-height-min-height elementor-section-boxed elementor-section-height-default elementor-section-items-middle\" data-id=\"9af2f75\" data-element_type=\"section\" data-e-type=\"section\" data-settings=\"{&quot;background_background&quot;:&quot;classic&quot;,&quot;shape_divider_bottom&quot;:&quot;mountains&quot;}\">\n\t\t\t\t\t\t\t<div class=\"elementor-background-overlay\"><\/div>\n\t\t\t\t\t\t<div class=\"elementor-shape elementor-shape-bottom\" aria-hidden=\"true\" data-negative=\"false\">\n\t\t\t<svg xmlns=\"http:\/\/www.w3.org\/2000\/svg\" viewBox=\"0 0 1000 100\" preserveAspectRatio=\"none\">\n\t<path class=\"elementor-shape-fill\" opacity=\"0.33\" d=\"M473,67.3c-203.9,88.3-263.1-34-320.3,0C66,119.1,0,59.7,0,59.7V0h1000v59.7 c0,0-62.1,26.1-94.9,29.3c-32.8,3.3-62.8-12.3-75.8-22.1C806,49.6,745.3,8.7,694.9,4.7S492.4,59,473,67.3z\"\/>\n\t<path class=\"elementor-shape-fill\" opacity=\"0.66\" d=\"M734,67.3c-45.5,0-77.2-23.2-129.1-39.1c-28.6-8.7-150.3-10.1-254,39.1 s-91.7-34.4-149.2,0C115.7,118.3,0,39.8,0,39.8V0h1000v36.5c0,0-28.2-18.5-92.1-18.5C810.2,18.1,775.7,67.3,734,67.3z\"\/>\n\t<path class=\"elementor-shape-fill\" d=\"M766.1,28.9c-200-57.5-266,65.5-395.1,19.5C242,1.8,242,5.4,184.8,20.6C128,35.8,132.3,44.9,89.9,52.5C28.6,63.7,0,0,0,0 h1000c0,0-9.9,40.9-83.6,48.1S829.6,47,766.1,28.9z\"\/>\n<\/svg>\t\t<\/div>\n\t\t\t\t\t<div class=\"elementor-container elementor-column-gap-default\">\n\t\t\t\t\t<div class=\"elementor-column elementor-col-100 elementor-top-column elementor-element elementor-element-1d1237c2\" data-id=\"1d1237c2\" data-element_type=\"column\" data-e-type=\"column\">\n\t\t\t<div class=\"elementor-widget-wrap elementor-element-populated\">\n\t\t\t\t\t\t<div class=\"elementor-element elementor-element-3a4c339 typer elementor-widget elementor-widget-heading\" data-id=\"3a4c339\" data-element_type=\"widget\" data-e-type=\"widget\" data-widget_type=\"heading.default\">\n\t\t\t\t\t<h1 class=\"elementor-heading-title elementor-size-default\">Impressum<\/h1>\t\t\t\t<\/div>\n\t\t\t\t\t<\/div>\n\t\t<\/div>\n\t\t\t\t\t<\/div>\n\t\t<\/section>\n\t\t<div class=\"elementor-element elementor-element-1f63094f e-flex e-con-boxed e-con e-parent\" data-id=\"1f63094f\" data-element_type=\"container\" data-e-type=\"container\" data-settings=\"{&quot;shape_divider_bottom&quot;:&quot;mountains&quot;}\">\n\t\t\t\t\t<div class=\"e-con-inner\">\n\t\t\t\t<div class=\"elementor-shape elementor-shape-bottom\" aria-hidden=\"true\" data-negative=\"false\">\n\t\t\t<svg xmlns=\"http:\/\/www.w3.org\/2000\/svg\" viewBox=\"0 0 1000 100\" preserveAspectRatio=\"none\">\n\t<path class=\"elementor-shape-fill\" opacity=\"0.33\" d=\"M473,67.3c-203.9,88.3-263.1-34-320.3,0C66,119.1,0,59.7,0,59.7V0h1000v59.7 c0,0-62.1,26.1-94.9,29.3c-32.8,3.3-62.8-12.3-75.8-22.1C806,49.6,745.3,8.7,694.9,4.7S492.4,59,473,67.3z\"\/>\n\t<path class=\"elementor-shape-fill\" opacity=\"0.66\" d=\"M734,67.3c-45.5,0-77.2-23.2-129.1-39.1c-28.6-8.7-150.3-10.1-254,39.1 s-91.7-34.4-149.2,0C115.7,118.3,0,39.8,0,39.8V0h1000v36.5c0,0-28.2-18.5-92.1-18.5C810.2,18.1,775.7,67.3,734,67.3z\"\/>\n\t<path class=\"elementor-shape-fill\" d=\"M766.1,28.9c-200-57.5-266,65.5-395.1,19.5C242,1.8,242,5.4,184.8,20.6C128,35.8,132.3,44.9,89.9,52.5C28.6,63.7,0,0,0,0 h1000c0,0-9.9,40.9-83.6,48.1S829.6,47,766.1,28.9z\"\/>\n<\/svg>\t\t<\/div>\n\t\t\t\t<div class=\"elementor-element elementor-element-30debf42 elementor-widget elementor-widget-heading\" data-id=\"30debf42\" data-element_type=\"widget\" data-e-type=\"widget\" data-widget_type=\"heading.default\">\n\t\t\t\t\t<h2 class=\"elementor-heading-title elementor-size-default\">Impressum der SYNERPY GmbH<\/h2>\t\t\t\t<\/div>\n\t\t\t\t<div class=\"elementor-element elementor-element-45d79294 elementor-widget elementor-widget-text-editor\" data-id=\"45d79294\" data-element_type=\"widget\" data-e-type=\"widget\" data-widget_type=\"text-editor.default\">\n\t\t\t\t\t\t\t\t\t<p><strong>SYNERPY GmbH<\/strong><br \/>Christian-Ritter-von-Langheinrich-Stra\u00dfe 7<br \/>95448 Bayreuth<br \/>Tel.: +49 (0)921 \/ 6080093-0<br \/>Fax: +49 (0)921 \/ 6080093-93\u00a0<\/p><p>E-Mail:\u00a0<a href=\"mailto:info@synerpy.com\">info@synerpy.com<\/a><\/p><p>Name des Gesch\u00e4ftsf\u00fchrers: Hilmar Brodner<br \/>Rechtsform: GmbH<br \/>Handelsregister-Nr.: HRB 3932, Bayreuth<br \/>Sitz der GmbH: Bayreuth, Deutschland<br \/>Umsatzsteuer-ID: DE233533118<\/p><p><a href=\"https:\/\/www.synerpy.com\/cm\/lizenzdeckblatt\/\" target=\"_blank\" rel=\"noopener noreferrer\">Lizenz-Deckblatt<\/a><br \/><a href=\"https:\/\/www.synerpy.com\/cm\/agb\/\" target=\"_blank\" rel=\"noopener noreferrer\">Allgemeine Gesch\u00e4ftsbedingungen<\/a><br \/><a href=\"https:\/\/www.synerpy.com\/cm\/schiedsvertrag\/\" target=\"_blank\" rel=\"noopener noreferrer\">Schiedsvertrag<\/a><br \/><a href=\"https:\/\/www.synerpy.com\/cm\/quellen\">Quellenangaben<\/a><\/p><hr \/><p>AvERP und SYNERPY, sowie die AvERP und SYNERPY Logos sind eingetragene Markenzeichen. Jegliche Verwendung bedarf unserer schriftlichen Zustimmung.<\/p><p>Alle Markenzeichen auf diesem Internetauftritt sind Eigentum ihrer jeweiligen Besitzer.<br \/>Alle Teile dieses Internetauftritts sind Eigentum der SYNERPY GmbH, Bayreuth. Sie ben\u00f6tigen eine schriftliche Erlaubnis des Eigent\u00fcmers, um Teile des Internetauftritts zu verwenden<\/p><p>Wir danken fotolia.de., unsplash.com und pixabay.de und allen, deren Fotos wir hier verwendet haben.<\/p>\t\t\t\t\t\t\t\t<\/div>\n\t\t\t\t<div class=\"elementor-element elementor-element-40c9eb46 elementor-widget elementor-widget-heading\" data-id=\"40c9eb46\" data-element_type=\"widget\" data-e-type=\"widget\" data-widget_type=\"heading.default\">\n\t\t\t\t\t<h2 class=\"elementor-heading-title elementor-size-default\">Links<\/h2>\t\t\t\t<\/div>\n\t\t\t\t<div class=\"elementor-element elementor-element-de4e491 elementor-widget elementor-widget-text-editor\" data-id=\"de4e491\" data-element_type=\"widget\" data-e-type=\"widget\" data-widget_type=\"text-editor.default\">\n\t\t\t\t\t\t\t\t\t<p>Mit Urteil vom 12. Mai 1998 hat das Landgericht Hamburg entschieden, dass mit Ausbringung eines Links die Inhalte der gelinkten Seite ggf. mit zu verantworten sind. Dies kann \u2013 so das LG \u2013 nur dadurch verhindert werden, dass man sich von diesen Inhalten ausdr\u00fccklich distanziert. Wir haben Links zu anderen Seiten im Internet gesetzt. F\u00fcr alle diese Links gilt:<br \/>Wir haben keinerlei Einfluss auf die Inhalte oder die Gestaltung der gelinkten Seiten. Deshalb distanzieren wir uns hiermit ausdr\u00fccklich von allen Inhalten der Seiten, die von unseren Seiten verlinkt sind. Die Inhalte dieser Seiten machen wir uns nicht zu Eigen. Diese Erkl\u00e4rung gilt f\u00fcr alle auf unseren Seiten angebrachten Links und f\u00fcr die Inhalte aller Seiten, zu denen angebrachte Links f\u00fchren. Die Verantwortung zu den Inhalten der Links liegt bei den jeweiligen Seitenbetreibern. Links zu externen Anbietern stellen in diesem Sinne keine Wertung oder Empfehlung dar.<\/p><p>Diese Website verwendet eigene Cookies und solche von Google, um ihre Dienste bereitzustellen, Anzeigen zu personalisieren und Zugriffe zu analysieren. Informationen dar\u00fcber, wie Sie die Website verwenden, werden an Google weitergegeben. Durch die Nutzung dieser Website erkl\u00e4ren Sie sich damit einverstanden, dass sie Cookies verwendet.<\/p><p>Die Informationen auf dieser Seite d\u00fcrfen nicht ohne die schriftliche Zustimmung der SYNERPY GmbH f\u00fcr Werbezwecke verwendet oder an Dritte ver\u00e4u\u00dfert werden.<\/p>\t\t\t\t\t\t\t\t<\/div>\n\t\t\t\t<div class=\"elementor-element elementor-element-6b4eb51 elementor-widget elementor-widget-spacer\" data-id=\"6b4eb51\" data-element_type=\"widget\" data-e-type=\"widget\" data-widget_type=\"spacer.default\">\n\t\t\t\t\t\t\t<div class=\"elementor-spacer\">\n\t\t\t<div class=\"elementor-spacer-inner\"><\/div>\n\t\t<\/div>\n\t\t\t\t\t\t<\/div>\n\t\t\t\t\t<\/div>\n\t\t\t\t<\/div>\n\t\t\t\t<\/div>\n\t\t","protected":false},"excerpt":{"rendered":"<p>Impressum Impressum der SYNERPY GmbH SYNERPY GmbHChristian-Ritter-von-Langheinrich-Stra\u00dfe 795448 BayreuthTel.: +49 (0)921 \/ 6080093-0Fax: +49 (0)921 \/ 6080093-93\u00a0 E-Mail:\u00a0info@synerpy.com Name des Gesch\u00e4ftsf\u00fchrers: Hilmar BrodnerRechtsform: GmbHHandelsregister-Nr.: HRB 3932, BayreuthSitz der GmbH: Bayreuth, DeutschlandUmsatzsteuer-ID: DE233533118 Lizenz-DeckblattAllgemeine Gesch\u00e4ftsbedingungenSchiedsvertragQuellenangaben AvERP und SYNERPY, sowie die AvERP und SYNERPY Logos sind eingetragene Markenzeichen. Jegliche Verwendung bedarf unserer schriftlichen Zustimmung. Alle Markenzeichen auf&hellip;<\/p>\n","protected":false},"author":2,"featured_media":0,"parent":0,"menu_order":0,"comment_status":"closed","ping_status":"closed","template":"","meta":{"_acf_changed":false,"footnotes":""},"class_list":["post-706","page","type-page","status-publish","hentry"],"acf":[],"_links":{"self":[{"href":"https:\/\/www.synerpy.com\/cm\/wp-json\/wp\/v2\/pages\/706","targetHints":{"allow":["GET"]}}],"collection":[{"href":"https:\/\/www.synerpy.com\/cm\/wp-json\/wp\/v2\/pages"}],"about":[{"href":"https:\/\/www.synerpy.com\/cm\/wp-json\/wp\/v2\/types\/page"}],"author":[{"embeddable":true,"href":"https:\/\/www.synerpy.com\/cm\/wp-json\/wp\/v2\/users\/2"}],"replies":[{"embeddable":true,"href":"https:\/\/www.synerpy.com\/cm\/wp-json\/wp\/v2\/comments?post=706"}],"version-history":[{"count":10,"href":"https:\/\/www.synerpy.com\/cm\/wp-json\/wp\/v2\/pages\/706\/revisions"}],"predecessor-version":[{"id":23901,"href":"https:\/\/www.synerpy.com\/cm\/wp-json\/wp\/v2\/pages\/706\/revisions\/23901"}],"wp:attachment":[{"href":"https:\/\/www.synerpy.com\/cm\/wp-json\/wp\/v2\/media?parent=706"}],"curies":[{"name":"wp","href":"https:\/\/api.w.org\/{rel}","templated":true}]}}