{"id":742,"date":"2025-07-31T08:41:27","date_gmt":"2025-07-31T06:41:27","guid":{"rendered":"https:\/\/www.synerpy.com\/cm\/?page_id=742"},"modified":"2026-02-11T07:58:47","modified_gmt":"2026-02-11T06:58:47","slug":"agb","status":"publish","type":"page","link":"https:\/\/www.synerpy.com\/cm\/agb\/","title":{"rendered":"AGB"},"content":{"rendered":"\t\t<div data-elementor-type=\"wp-page\" data-elementor-id=\"742\" class=\"elementor elementor-742\" data-elementor-post-type=\"page\">\n\t\t\t\t\t\t<section class=\"elementor-section elementor-top-section elementor-element elementor-element-7ecb0ef8 elementor-section-height-min-height elementor-section-boxed elementor-section-height-default elementor-section-items-middle\" data-id=\"7ecb0ef8\" data-element_type=\"section\" data-e-type=\"section\" data-settings=\"{&quot;background_background&quot;:&quot;classic&quot;,&quot;shape_divider_bottom&quot;:&quot;mountains&quot;}\">\n\t\t\t\t\t\t\t<div class=\"elementor-background-overlay\"><\/div>\n\t\t\t\t\t\t<div class=\"elementor-shape elementor-shape-bottom\" aria-hidden=\"true\" data-negative=\"false\">\n\t\t\t<svg xmlns=\"http:\/\/www.w3.org\/2000\/svg\" viewBox=\"0 0 1000 100\" preserveAspectRatio=\"none\">\n\t<path class=\"elementor-shape-fill\" opacity=\"0.33\" d=\"M473,67.3c-203.9,88.3-263.1-34-320.3,0C66,119.1,0,59.7,0,59.7V0h1000v59.7 c0,0-62.1,26.1-94.9,29.3c-32.8,3.3-62.8-12.3-75.8-22.1C806,49.6,745.3,8.7,694.9,4.7S492.4,59,473,67.3z\"\/>\n\t<path class=\"elementor-shape-fill\" opacity=\"0.66\" d=\"M734,67.3c-45.5,0-77.2-23.2-129.1-39.1c-28.6-8.7-150.3-10.1-254,39.1 s-91.7-34.4-149.2,0C115.7,118.3,0,39.8,0,39.8V0h1000v36.5c0,0-28.2-18.5-92.1-18.5C810.2,18.1,775.7,67.3,734,67.3z\"\/>\n\t<path class=\"elementor-shape-fill\" d=\"M766.1,28.9c-200-57.5-266,65.5-395.1,19.5C242,1.8,242,5.4,184.8,20.6C128,35.8,132.3,44.9,89.9,52.5C28.6,63.7,0,0,0,0 h1000c0,0-9.9,40.9-83.6,48.1S829.6,47,766.1,28.9z\"\/>\n<\/svg>\t\t<\/div>\n\t\t\t\t\t<div class=\"elementor-container elementor-column-gap-default\">\n\t\t\t\t\t<div class=\"elementor-column elementor-col-100 elementor-top-column elementor-element elementor-element-29b5716a\" data-id=\"29b5716a\" data-element_type=\"column\" data-e-type=\"column\">\n\t\t\t<div class=\"elementor-widget-wrap elementor-element-populated\">\n\t\t\t\t\t\t<div class=\"elementor-element elementor-element-a0c3dca typer elementor-widget elementor-widget-heading\" data-id=\"a0c3dca\" data-element_type=\"widget\" data-e-type=\"widget\" data-widget_type=\"heading.default\">\n\t\t\t\t\t<h1 class=\"elementor-heading-title elementor-size-default\">AGB<\/h1>\t\t\t\t<\/div>\n\t\t\t\t\t<\/div>\n\t\t<\/div>\n\t\t\t\t\t<\/div>\n\t\t<\/section>\n\t\t<div class=\"elementor-element elementor-element-1f9733dd e-flex e-con-boxed e-con e-parent\" data-id=\"1f9733dd\" data-element_type=\"container\" data-e-type=\"container\" data-settings=\"{&quot;shape_divider_bottom&quot;:&quot;mountains&quot;}\">\n\t\t\t\t\t<div class=\"e-con-inner\">\n\t\t\t\t<div class=\"elementor-shape elementor-shape-bottom\" aria-hidden=\"true\" data-negative=\"false\">\n\t\t\t<svg xmlns=\"http:\/\/www.w3.org\/2000\/svg\" viewBox=\"0 0 1000 100\" preserveAspectRatio=\"none\">\n\t<path class=\"elementor-shape-fill\" opacity=\"0.33\" d=\"M473,67.3c-203.9,88.3-263.1-34-320.3,0C66,119.1,0,59.7,0,59.7V0h1000v59.7 c0,0-62.1,26.1-94.9,29.3c-32.8,3.3-62.8-12.3-75.8-22.1C806,49.6,745.3,8.7,694.9,4.7S492.4,59,473,67.3z\"\/>\n\t<path class=\"elementor-shape-fill\" opacity=\"0.66\" d=\"M734,67.3c-45.5,0-77.2-23.2-129.1-39.1c-28.6-8.7-150.3-10.1-254,39.1 s-91.7-34.4-149.2,0C115.7,118.3,0,39.8,0,39.8V0h1000v36.5c0,0-28.2-18.5-92.1-18.5C810.2,18.1,775.7,67.3,734,67.3z\"\/>\n\t<path class=\"elementor-shape-fill\" d=\"M766.1,28.9c-200-57.5-266,65.5-395.1,19.5C242,1.8,242,5.4,184.8,20.6C128,35.8,132.3,44.9,89.9,52.5C28.6,63.7,0,0,0,0 h1000c0,0-9.9,40.9-83.6,48.1S829.6,47,766.1,28.9z\"\/>\n<\/svg>\t\t<\/div>\n\t\t\t\t<div class=\"elementor-element elementor-element-e5cdd76 elementor-widget elementor-widget-table-of-contents\" data-id=\"e5cdd76\" data-element_type=\"widget\" data-e-type=\"widget\" data-settings=\"{&quot;exclude_headings_by_selector&quot;:[],&quot;headings_by_tags&quot;:[&quot;h2&quot;,&quot;h3&quot;,&quot;h4&quot;],&quot;marker_view&quot;:&quot;numbers&quot;,&quot;hierarchical_view&quot;:&quot;yes&quot;,&quot;min_height&quot;:{&quot;unit&quot;:&quot;px&quot;,&quot;size&quot;:&quot;&quot;,&quot;sizes&quot;:[]},&quot;min_height_tablet&quot;:{&quot;unit&quot;:&quot;px&quot;,&quot;size&quot;:&quot;&quot;,&quot;sizes&quot;:[]},&quot;min_height_mobile&quot;:{&quot;unit&quot;:&quot;px&quot;,&quot;size&quot;:&quot;&quot;,&quot;sizes&quot;:[]}}\" data-widget_type=\"table-of-contents.default\">\n\t\t\t\t\t\t\t\t\t<div class=\"elementor-toc__header\">\n\t\t\t\t\t\t<h2 class=\"elementor-toc__header-title\">\n\t\t\t\tInhaltsverzeichnis der AGB\t\t\t<\/h2>\n\t\t\t\t\t\t\t\t<\/div>\n\t\t\t\t<div id=\"elementor-toc__e5cdd76\" class=\"elementor-toc__body\">\n\t\t\t<div class=\"elementor-toc__spinner-container\">\n\t\t\t\t<svg class=\"elementor-toc__spinner eicon-animation-spin e-font-icon-svg e-eicon-loading\" aria-hidden=\"true\" viewBox=\"0 0 1000 1000\" xmlns=\"http:\/\/www.w3.org\/2000\/svg\"><path d=\"M500 975V858C696 858 858 696 858 500S696 142 500 142 142 304 142 500H25C25 237 238 25 500 25S975 237 975 500 763 975 500 975Z\"><\/path><\/svg>\t\t\t<\/div>\n\t\t<\/div>\n\t\t\t\t\t\t<\/div>\n\t\t\t\t<div class=\"elementor-element elementor-element-33a9d19d elementor-widget elementor-widget-heading\" data-id=\"33a9d19d\" data-element_type=\"widget\" data-e-type=\"widget\" data-widget_type=\"heading.default\">\n\t\t\t\t\t<h2 class=\"elementor-heading-title elementor-size-default\">Softwarelizenzbestimmungen und Allgemeine Gesch\u00e4ftsbedingungen (AGB)<\/h2>\t\t\t\t<\/div>\n\t\t\t\t<div class=\"elementor-element elementor-element-7056675 elementor-widget elementor-widget-heading\" data-id=\"7056675\" data-element_type=\"widget\" data-e-type=\"widget\" data-widget_type=\"heading.default\">\n\t\t\t\t\t<h3 class=\"elementor-heading-title elementor-size-default\">Pr\u00e4ambel<\/h3>\t\t\t\t<\/div>\n\t\t\t\t<div class=\"elementor-element elementor-element-6de76e3 elementor-widget elementor-widget-text-editor\" data-id=\"6de76e3\" data-element_type=\"widget\" data-e-type=\"widget\" data-widget_type=\"text-editor.default\">\n\t\t\t\t\t\t\t\t\t<p>Zwischen dem Lizenznehmer und der SYNERPY werden Vereinbarungen \u00fcber die lizenzpflichtige Nutzung von AvERP getroffen.<br \/>Die Vereinbarung setzt sich aus folgenden Teilen zusammen:<br \/><a href=\"#Lizenzdeckblatt\">A. Lizenz-Deckblatt<\/a><br \/><a href=\"#AGB\">B. Allgemeine Gesch\u00e4ftsbedingungen<\/a><br \/><a href=\"#Schiedsvertrag\">C. Schiedsvertrag<\/a><\/p>\t\t\t\t\t\t\t\t<\/div>\n\t\t\t\t<div class=\"elementor-element elementor-element-442cfc18 elementor-widget elementor-widget-heading\" data-id=\"442cfc18\" data-element_type=\"widget\" data-e-type=\"widget\" id=\"Lizenzdeckblatt\" data-widget_type=\"heading.default\">\n\t\t\t\t\t<h3 class=\"elementor-heading-title elementor-size-default\">Lizenz-Deckblatt<\/h3>\t\t\t\t<\/div>\n\t\t\t\t<div class=\"elementor-element elementor-element-3e158c4f elementor-widget elementor-widget-text-editor\" data-id=\"3e158c4f\" data-element_type=\"widget\" data-e-type=\"widget\" data-widget_type=\"text-editor.default\">\n\t\t\t\t\t\t\t\t\t<h4><strong>\u00a7 1 Vertragsgegenstand<\/strong><\/h4><p>AvERP besteht unter anderem aus:<br \/>AvERP.exe, AvERPStart.exe, AvERP.FDB, AvERP_DEMO.FDB, AVERP_DMS.FDB, AvERPCONNECT.cfg, AvERPJobServer.exe, AvERPJobDruck.exe, AvERP_DMS.exe, AvERPDesign.exe, AvERPAdmin.exe und den jeweiligen Quellcodes.<\/p><p>AvERP verwendet Komponenten von Drittanbietern, f\u00fcr deren Verwendung eigene Lizenzbedingungen gelten, insbesondere, jedoch nicht ausschlie\u00dflich:<\/p><p>Firebird Datenbankmanagementsystem in der jeweils verwendeten Version. (siehe firebirdsql.org)<\/p><p>Der Lizenznehmer hat sich \u00fcber diese separaten Lizenzen zu informieren und diese gegebenenfalls separat zu best\u00e4tigen.<\/p><p>Die Software wird unentgeltlich zum Download oder durch Datentr\u00e4ger durch die SYNERPY GmbH \u00fcberlassen.<\/p><h4><strong>\u00a7 2 Weitere Vereinbarungen<\/strong><\/h4><ol><li>Dieses Programm setzt die Lizenz des Betriebssystems Microsoft Windows, in der jeweils von ihnen eingesetzten Version, voraus.<\/li><li>Dienstleistungen von SYNERPY zur \u00c4nderung oder Erg\u00e4nzung von AvERP f\u00fcr die Applikation an betriebliche Notwendigkeiten des Lizenznehmers werden in einem gesondert zu vereinbarenden Vertrag geregelt.<\/li><\/ol><p>Dieser Vertrag kommt rechtswirksam durch Installation von AvERP oder durch das Starten von AvERP zustande.<\/p>\t\t\t\t\t\t\t\t<\/div>\n\t\t\t\t<div class=\"elementor-element elementor-element-7762a486 elementor-widget elementor-widget-heading\" data-id=\"7762a486\" data-element_type=\"widget\" data-e-type=\"widget\" id=\"AGB\" data-widget_type=\"heading.default\">\n\t\t\t\t\t<h3 class=\"elementor-heading-title elementor-size-default\">Allgemeine Gesch\u00e4ftsbedingungen SYNERPY GmbH<\/h3>\t\t\t\t<\/div>\n\t\t\t\t<div class=\"elementor-element elementor-element-48d573bb elementor-widget elementor-widget-text-editor\" data-id=\"48d573bb\" data-element_type=\"widget\" data-e-type=\"widget\" data-widget_type=\"text-editor.default\">\n\t\t\t\t\t\t\t\t\t<h4><strong>\u00a7 1 Vertragsbeginn<\/strong><\/h4><ol><li>Der Zeitpunkt des Vertragsschlusses ist der Zeitpunkt der Installation von AvERP. Es gelten ausschlie\u00dflich diese Gesch\u00e4ftsbedingungen.<\/li><li>Download-Versionen bleiben geistiges Eigentum der SYNERPY. Wenn kein Vertrag zustande kommt, sind sie zu l\u00f6schen oder zu vernichten.<\/li><\/ol><h4><strong>\u00a7 2 Vertragsgegenstand<\/strong><\/h4><ol><li>Gegenstand des Vertrages ist die Nutzung einer auf dem Ger\u00e4t des Lizenznehmers installierten Computersoftware AvERP.<\/li><li>SYNERPY gew\u00e4hrt dem Lizenznehmer die nicht ausschlie\u00dfliche un\u00fcbertragbare Lizenz, die Software gem\u00e4\u00df den Spezifikationen des Deckblattes zu nutzen.<\/li><li>Benutzer des Quellcodes sind verpflichtet, sich bei SYNERPY unter Angabe wahrheitsgem\u00e4\u00dfer und vollst\u00e4ndiger Daten zur Person oder Firma registrieren zu lassen. Sobald Ver\u00e4nderungen eintreten, sind die Registrierungsdaten unverz\u00fcglich zu aktualisieren.<\/li><li>Die Zusicherung von Eigenschaften bedarf der ausdr\u00fccklichen und schriftlichen Best\u00e4tigung, andernfalls dient eine Darstellung von Eigenschaften nur der Identifikation der gelieferten Software. Der Lizenznehmer hat sich dar\u00fcber zu informieren, ob die Auswahl und Spezifikation seinen W\u00fcnschen entspricht.<\/li><li>SYNERPY macht darauf aufmerksam, dass es nach dem Stand der Technik nicht m\u00f6glich ist, Computerprogramme so zu erstellen, dass sie in allen Anwendungen oder auf allen Ger\u00e4ten fehlerfrei arbeiten. Gegenstand des Vertrages ist daher nur, dass die Software im Sinne der Programmbeschreibung und des Benutzerhandbuchs grunds\u00e4tzlich verwendbar ist.<\/li><li>Es wird keinerlei Gew\u00e4hrleistung gegeben. Der Anwender hat selber Sorge zu tragen, dass die Software seinen Anforderungen entspricht.<\/li><\/ol><h4><strong>\u00a7 3 Nutzungsumfang<\/strong><\/h4><ol><li>Der Lizenznehmer ist berechtigt, unkompilierte Versionen von AvERP zu ver\u00e4ndern. Dabei sind Urheberrechtshinweise auf allen Ver\u00e4nderungen und Kopien der Software beizubehalten. Ver\u00e4nderte Software in kompilierter oder unkompilierter Form darf ausschlie\u00dflich \u00fcber SYNERPY an Dritte weitergegeben werden.<\/li><li>Er ist dar\u00fcber hinaus berechtigt, ver\u00e4nderte Versionen an SYNERPY weiterzuleiten, damit diese bei von SYNERPY festgestellter Eignung in die AvERP-Hauptversion \u00fcberf\u00fchrt werden k\u00f6nnen.<\/li><li>Dem Lizenznehmer ist es untersagt, AvERP bzw. Teile davon zu verkaufen, zu vermieten oder unentgeltlich oder auf sonstige Weise weiterzuverbreiten. Die Verbreitung erfolgt ausschlie\u00dflich durch die SYNERPY GmbH.<\/li><li>Ihm ist es weiterhin untersagt, gewerbliche oder kostenpflichtige Dienstleistungen an AvERP zu erbringen und AvERP oder SYNERPY Markenzeichen oder Domain-Namen zu verwenden.<\/li><li>Dienst- und Werkleistungen zu AvERP d\u00fcrfen ausschlie\u00dflich durch die SYNERPY GmbH und deren lizenzierte Vertriebspartner erbracht werden. Der Lizenznehmer verpflichtet sich, keine Dienstleistungen oder Werkleistungen in Bezug auf AvERP durch nicht dazu von der SYNERPY GmbH lizenzierte Unternehmen erbringen zu lassen. Dies umfasst unter anderem Beratung, Dokumentation, Parametrierung, Schulung, Support, Programmierung, Installation und Import von Daten sowie sonstige Einf\u00fchrungsleistungen und Leistungen nach der Einf\u00fchrung.<\/li><\/ol><h4><strong>\u00a7 4 Fremde Lizenzen<\/strong><\/h4><ol><li>AvERP setzt Fremdlizenzen f\u00fcr Betriebssysteme voraus, z. B. Betriebssystem Microsoft Windows.<\/li><li>SYNERPY ist zu jedem Zeitpunkt berechtigt, das Betriebssystem, auf welchem AvERP basiert, zu \u00e4ndern.<\/li><li>Die Betriebssysteme werden seitens der Hersteller immer wieder in neuen Versionen ausgeliefert. AvERP l\u00e4uft ausschlie\u00dflich auf von SYNERPY freigegebenen Betriebssystemen und deren angegebenen Versionen.<\/li><li>Der Lizenznehmer ist jederzeit verpflichtet, seine EDV aufzur\u00fcsten, zu erg\u00e4nzen oder auszuwechseln und den erforderlichen Stand des Betriebssystems bereitzustellen, da sonst die Lauff\u00e4higkeit und Funktionsf\u00e4higkeit von AvERP nicht gew\u00e4hrleistet ist.<\/li><\/ol><h4><strong>\u00a7 5 Vertragsdauer<\/strong><\/h4><ol><li>Der Vertrag gew\u00e4hrt dem Lizenznehmer ein zeitlich unbeschr\u00e4nktes Nutzungsrecht.<\/li><li>Unbeschadet sonstiger Rechte ist SYNERPY berechtigt, diesen Vertrag schriftlich ohne Einhaltung einer Frist zu k\u00fcndigen, sofern der Lizenznehmer gegen Bestimmungen dieses Vertrages verst\u00f6\u00dft. Im Falle der K\u00fcndigung ist der Lizenznehmer verpflichtet, s\u00e4mtliche Kopien der Software und alle ihre Komponenten herauszugeben oder zu vernichten.<\/li><\/ol><h4><strong>\u00a7 6\u00a0M\u00e4ngelr\u00fcge<\/strong><\/h4><ol><li>Der Lizenznehmer ist verpflichtet, AvERP auf Vollst\u00e4ndigkeit und M\u00e4ngelfreiheit zu \u00fcberpr\u00fcfen. Sollte er mit der Funktion der Software nicht zufrieden sein oder sollte diese die Anforderungen nicht erf\u00fcllen, so ist die Software nicht einzusetzen.<\/li><li>Es wird keinerlei Gew\u00e4hrleistung gegeben. Die Funktion der Software ist vom Lizenznehmer f\u00fcr seine Belange zu testen. S\u00e4mtliche Funktionen der Software sind so vorgesehen wie sie vorhanden sind. Anderweitige Dokumentation dient lediglich als Grob\u00fcbersicht. Die Gew\u00e4hrleistungsanspr\u00fcche so denn im Zweifelsfall dennoch vorhanden, verj\u00e4hren binnen 6 Monaten ab Gefahr\u00fcbergang, wenn nicht die gesetzliche Gew\u00e4hrleistungsfrist zur Anwendung kommt.<\/li><\/ol><h4><strong>\u00a7 7 Haftung<\/strong><\/h4><ol><li>SYNERPY haftet f\u00fcr von ihr zu vertretende Sch\u00e4den nur bei Vorsatz. Die Haftung f\u00fcr leichte Fahrl\u00e4ssigkeit ist ausgeschlossen. Dies gilt auch, wenn der Lizenznehmer seiner Verpflichtung zur Sicherung des Datenbestandes vor jeder Installation auf externen Datentr\u00e4gern nicht nachkommt.<\/li><li>Die Haftung f\u00fcr entgangenen Gewinn, ausgebliebene Einsparungen, mittelbare Sch\u00e4den und Folgesch\u00e4den ist ausgeschlossen.<\/li><\/ol><h4><strong>\u00a7 8 Schadenersatz<\/strong><\/h4><p>Im Falle der Verletzung von vertraglichen Pflichten durch den Lizenznehmer ist, unbeschadet weitergehender Schadenersatzanspr\u00fcche, f\u00fcr jeden einzelnen Versto\u00df eine Vertragsstrafe von \u20ac 15.000,00 verwirkt, soweit nicht durch den Lizenzgeber ein h\u00f6herer Schaden oder durch den Lizenznehmer ein niedrigerer Schaden nachgewiesen wird.<\/p><h4><strong>\u00a7 9 Entzug der Nutzungs- und\/oder Bearbeitungsrechte<\/strong><\/h4><p>Der Lizenznehmer kann Waren und Dienstleistungen und Lizenzen bei der SYNERPY GmbH einkaufen. Werden hierf\u00fcr gestellte Rechnungen nicht binnen der Zahlungsfrist vom Lizenznehmer beglichen, so werden die Nutzungs- und oder Bearbeitungsrechte, die der Lizenznehmer an der Software hat, automatisch und vollst\u00e4ndig entzogen. Die Software darf somit ab dem Zeitpunkt des Zahlungsverzugs nicht mehr verwendet werden. Dies gilt auch f\u00fcr den Zeitraum bis zu einer finalen juristischen Kl\u00e4rung \u00fcber die Rechtm\u00e4\u00dfigkeit der Rechnungsstellung.<\/p><h4><strong>\u00a7 10 Schiedsgericht<\/strong><\/h4><p>\u00dcber Streitigkeiten, die zwischen den Vertragsparteien auf Grund dieses Vertrages entstehen, entscheidet unter Ausschluss des ordentlichen Rechtswegs ein Schiedsgericht nach Ma\u00dfgabe des diesem Vertrag beigef\u00fcgten Schiedsvertrages.<\/p><h4><strong>\u00a7 11 Schlussbestimmungen<\/strong><\/h4><ol><li>In diesem Vertrag sind s\u00e4mtliche Rechte und Pflichten der Vertragsparteien geregelt. \u00c4nderungen sind nur in Schriftform und unter Bezugnahme auf diesen Vertrag wirksam und beiderseitig zu unterzeichnen.<\/li><li>Sollten einzelne Bestimmungen dieses Vertrags nicht rechtswirksam sein oder ihre Rechtswirksamkeit durch einen sp\u00e4teren Umstand verlieren oder sollte sich in diesem Vertrag eine L\u00fccke bzw. die fehlende Schutzf\u00e4higkeit der vertragsgegenst\u00e4ndlichen Software herausstellen, so wird hierdurch die Rechtswirksamkeit der \u00fcbrigen Bestimmungen nicht ber\u00fchrt. An die Stelle der unwirksamen Vertragsbestimmung bzw. zur Ausf\u00fcllung von L\u00fccken soll eine angemessene Regelung treten, die, soweit m\u00f6glich, dem am n\u00e4chsten kommt, was die Vertragsparteien gewollt haben w\u00fcrden, sofern sie diesen Punkt beachtet h\u00e4tten.<\/li><\/ol><p>Dieser Vertrag kommt rechtswirksam durch Installation zustande.<\/p>\t\t\t\t\t\t\t\t<\/div>\n\t\t\t\t<div class=\"elementor-element elementor-element-433909e0 elementor-widget elementor-widget-heading\" data-id=\"433909e0\" data-element_type=\"widget\" data-e-type=\"widget\" id=\"Schiedsvertrag\" data-widget_type=\"heading.default\">\n\t\t\t\t\t<h2 class=\"elementor-heading-title elementor-size-default\">Schiedsvertrag<\/h2>\t\t\t\t<\/div>\n\t\t\t\t<div class=\"elementor-element elementor-element-584ecafc elementor-widget elementor-widget-text-editor\" data-id=\"584ecafc\" data-element_type=\"widget\" data-e-type=\"widget\" data-widget_type=\"text-editor.default\">\n\t\t\t\t\t\t\t\t\t<h4><strong>\u00a7 1 Zust\u00e4ndigkeit des Schiedsgerichts<\/strong><\/h4><ol><li>Alle Streitigkeiten, die sich im Zusammenhang mit diesem Vertrag oder \u00fcber seine G\u00fcltigkeit ergeben, werden unter Ausschluss des ordentlichen Rechtsweges durch ein Schiedsgericht entschieden. Dies gilt auch f\u00fcr Streitigkeiten \u00fcber die Wirksamkeit, Durchf\u00fchrung und Beendigung des Vertragsverh\u00e4ltnisses, einzelner Vertragsbestimmungen und etwaiger Nachtr\u00e4ge.<\/li><li>Die Anrufung des Schiedsgerichts ist erst zul\u00e4ssig, wenn eine einvernehmliche L\u00f6sung einer strittigen Vertragsauslegung zwischen den Parteien innerhalb von 6 Wochen nach schriftlicher Ank\u00fcndigung der beabsichtigten Anrufung nicht erreicht werden konnte.<\/li><\/ol><h4><strong>\u00a7 2 Zusammensetzung und Anrufung des Schiedsgerichts<\/strong><\/h4><ol><li>Das Schiedsgericht besteht aus drei Schiedsrichtern, n\u00e4mlich zwei beisitzenden Schiedsrichtern und einem Obmann als Vorsitzendem.<\/li><li>Jede Partei ernennt einen beisitzenden Schiedsrichter. Die beiden ernannten Schiedsrichter bestellen einen Obmann, der die Bef\u00e4higung zum Richteramt nach den Vorschriften der Bundesrepublik Deutschland haben muss.<\/li><li>Die Partei, die das Schiedsgericht anrufen will, hat dies unter Angabe des Gegenstandes und des Grundes des erhobenen Anspruchs sowie eines bestimmten Antrags bei gleichzeitiger Benennung (Name, Anschrift) eines Schiedsrichters der beklagten Partei durch eingeschriebenen Brief mitzuteilen und diese zugleich aufzufordern, innerhalb von drei Wochen nach Zugang des Aufforderungsschreibens ihrerseits einen Schiedsrichter zu benennen.<\/li><li>Wenn die beklagte Partei einen zur Annahme des Amtes bereiten Schiedsrichter innerhalb der Frist gem. Abs. 3 nicht benennt oder wenn die beiden ernannten Schiedsrichter den Obmann innerhalb von drei Wochen nach Benennung des zweiten Schiedsrichters nicht bestellen, wird der beisitzende Schiedsrichter bzw. der Obmann auf Antrag einer Partei von dem Pr\u00e4sidenten der IHK in Bayreuth bestellt.<\/li><li>Mehrere das Schiedsgericht anrufende Kl\u00e4ger oder mehrere Personen auf der Beklagtenseite gelten jeweils als eine Partei. Mehrere Kl\u00e4ger bzw. mehrere Beklagte k\u00f6nnen einen Schiedsrichter nur jeweils gemeinsam benennen. Die Benennung hat gegen\u00fcber allen auf Seiten der Gegenpartei beteiligten Personen zu erfolgen.<\/li><li>Sofern mehrere Kl\u00e4ger, die ihr Recht nur gemeinschaftlich geltend machen k\u00f6nnen, sich innerhalb einer angemessenen Frist nicht auf die Person eines Schiedsrichters einigen, ist jeder Kl\u00e4ger berechtigt, den Pr\u00e4sidenten der IHK in Bayreuth um Ernennung eines gemeinsamen Schiedsrichters f\u00fcr die Kl\u00e4gerseite zu ersuchen.<\/li><li>Den Antrag gem\u00e4\u00df Absatz 4 an den Pr\u00e4sidenten der IHK in Bayreuth kann jeder Kl\u00e4ger bzw. jeder Beklagte einzeln stellen.<\/li><\/ol><h4><strong>\u00a7 3 Wegfall eines Schiedsrichters<\/strong><\/h4><ol><li>Falls ein Schiedsrichter stirbt oder aus einem anderen Grunde wegf\u00e4llt oder die \u00dcbernahme oder die Ausf\u00fchrung des Schiedsrichteramtes verweigert, ist innerhalb von drei Wochen nach Aufforderung durch die andere Partei von der urspr\u00fcnglich ernennungsberechtigten Partei ein neuer Schiedsrichter bzw. von den beiden beisitzenden Schiedsrichtern ein neuer Obmann zu bestellen. \u00a7 2 Abs. 3 bis 7 gelten entsprechend.<\/li><li>Soweit nicht zwingende gesetzliche Vorschriften entgegenstehen, beschlie\u00dft das Schiedsgericht in seiner neuen Zusammensetzung nach pflichtm\u00e4\u00dfigem Ermessen, ob und inwieweit das bisherige Verfahren ganz oder teilweise wiederholt werden soll. Jedenfalls muss den Parteien Gelegenheit gegeben werden, sich erneut zu \u00e4u\u00dfern.<\/li><\/ol><h4><strong>\u00a7 4 Verfahren<\/strong><\/h4><ol><li>Das Schiedsgericht tagt in Bayreuth, Deutschland, es sei denn, die drei Schiedsrichter oder die Parteien bestimmen \u00fcbereinstimmend einen anderen Tagungsort.<\/li><li>Die Parteien sind vor dem Schiedsgericht m\u00fcndlich zu h\u00f6ren, wenn nicht beide Parteien auf m\u00fcndliche Verhandlung verzichten.<\/li><li>Auf das Verfahren des Schiedsgerichts sind im \u00dcbrigen die Vorschriften des 10. Buches der Zivilprozessordnung anzuwenden.<\/li><li>Das Schiedsgericht entscheidet auch \u00fcber die Kosten des schiedsgerichtlichen Verfahrens.<\/li><li>Gegen den Spruch des Schiedsgerichts ist ein Rechtsmittel nicht gegeben.<\/li><\/ol><p>Dieser Vertrag kommt rechtswirksam durch Installation von AvERP oder durch das Starten von AvERP zustande.<\/p>\t\t\t\t\t\t\t\t<\/div>\n\t\t\t\t<div class=\"elementor-element elementor-element-4e60f21 elementor-widget elementor-widget-spacer\" data-id=\"4e60f21\" data-element_type=\"widget\" data-e-type=\"widget\" data-widget_type=\"spacer.default\">\n\t\t\t\t\t\t\t<div class=\"elementor-spacer\">\n\t\t\t<div class=\"elementor-spacer-inner\"><\/div>\n\t\t<\/div>\n\t\t\t\t\t\t<\/div>\n\t\t\t\t<div class=\"elementor-element elementor-element-ec7fd9a elementor-widget elementor-widget-spacer\" data-id=\"ec7fd9a\" data-element_type=\"widget\" data-e-type=\"widget\" data-widget_type=\"spacer.default\">\n\t\t\t\t\t\t\t<div class=\"elementor-spacer\">\n\t\t\t<div class=\"elementor-spacer-inner\"><\/div>\n\t\t<\/div>\n\t\t\t\t\t\t<\/div>\n\t\t\t\t\t<\/div>\n\t\t\t\t<\/div>\n\t\t\t\t<\/div>\n\t\t","protected":false},"excerpt":{"rendered":"<p>AGB Inhaltsverzeichnis der AGB Softwarelizenzbestimmungen und Allgemeine Gesch\u00e4ftsbedingungen (AGB) Pr\u00e4ambel Zwischen dem Lizenznehmer und der SYNERPY werden Vereinbarungen \u00fcber die lizenzpflichtige Nutzung von AvERP getroffen.Die Vereinbarung setzt sich aus folgenden Teilen zusammen:A. Lizenz-DeckblattB. Allgemeine Gesch\u00e4ftsbedingungenC. Schiedsvertrag Lizenz-Deckblatt \u00a7 1 Vertragsgegenstand AvERP besteht unter anderem aus:AvERP.exe, AvERPStart.exe, AvERP.FDB, AvERP_DEMO.FDB, AVERP_DMS.FDB, AvERPCONNECT.cfg, AvERPJobServer.exe, AvERPJobDruck.exe, AvERP_DMS.exe, AvERPDesign.exe, AvERPAdmin.exe&hellip;<\/p>\n","protected":false},"author":2,"featured_media":0,"parent":0,"menu_order":0,"comment_status":"closed","ping_status":"closed","template":"","meta":{"_acf_changed":false,"footnotes":""},"class_list":["post-742","page","type-page","status-publish","hentry"],"acf":[],"_links":{"self":[{"href":"https:\/\/www.synerpy.com\/cm\/wp-json\/wp\/v2\/pages\/742","targetHints":{"allow":["GET"]}}],"collection":[{"href":"https:\/\/www.synerpy.com\/cm\/wp-json\/wp\/v2\/pages"}],"about":[{"href":"https:\/\/www.synerpy.com\/cm\/wp-json\/wp\/v2\/types\/page"}],"author":[{"embeddable":true,"href":"https:\/\/www.synerpy.com\/cm\/wp-json\/wp\/v2\/users\/2"}],"replies":[{"embeddable":true,"href":"https:\/\/www.synerpy.com\/cm\/wp-json\/wp\/v2\/comments?post=742"}],"version-history":[{"count":10,"href":"https:\/\/www.synerpy.com\/cm\/wp-json\/wp\/v2\/pages\/742\/revisions"}],"predecessor-version":[{"id":23763,"href":"https:\/\/www.synerpy.com\/cm\/wp-json\/wp\/v2\/pages\/742\/revisions\/23763"}],"wp:attachment":[{"href":"https:\/\/www.synerpy.com\/cm\/wp-json\/wp\/v2\/media?parent=742"}],"curies":[{"name":"wp","href":"https:\/\/api.w.org\/{rel}","templated":true}]}}