{"id":796,"date":"2025-07-31T08:41:57","date_gmt":"2025-07-31T06:41:57","guid":{"rendered":"https:\/\/www.synerpy.com\/cm\/?page_id=796"},"modified":"2026-02-11T08:33:31","modified_gmt":"2026-02-11T07:33:31","slug":"schiedsvertrag","status":"publish","type":"page","link":"https:\/\/www.synerpy.com\/cm\/schiedsvertrag\/","title":{"rendered":"Schiedsvertrag"},"content":{"rendered":"\t\t<div data-elementor-type=\"wp-page\" data-elementor-id=\"796\" class=\"elementor elementor-796\" data-elementor-post-type=\"page\">\n\t\t\t\t\t\t<section class=\"elementor-section elementor-top-section elementor-element elementor-element-eb40520 elementor-section-height-min-height elementor-section-boxed elementor-section-height-default elementor-section-items-middle\" data-id=\"eb40520\" data-element_type=\"section\" data-e-type=\"section\" data-settings=\"{&quot;background_background&quot;:&quot;classic&quot;,&quot;shape_divider_bottom&quot;:&quot;mountains&quot;}\">\n\t\t\t\t\t\t\t<div class=\"elementor-background-overlay\"><\/div>\n\t\t\t\t\t\t<div class=\"elementor-shape elementor-shape-bottom\" aria-hidden=\"true\" data-negative=\"false\">\n\t\t\t<svg xmlns=\"http:\/\/www.w3.org\/2000\/svg\" viewBox=\"0 0 1000 100\" preserveAspectRatio=\"none\">\n\t<path class=\"elementor-shape-fill\" opacity=\"0.33\" d=\"M473,67.3c-203.9,88.3-263.1-34-320.3,0C66,119.1,0,59.7,0,59.7V0h1000v59.7 c0,0-62.1,26.1-94.9,29.3c-32.8,3.3-62.8-12.3-75.8-22.1C806,49.6,745.3,8.7,694.9,4.7S492.4,59,473,67.3z\"\/>\n\t<path class=\"elementor-shape-fill\" opacity=\"0.66\" d=\"M734,67.3c-45.5,0-77.2-23.2-129.1-39.1c-28.6-8.7-150.3-10.1-254,39.1 s-91.7-34.4-149.2,0C115.7,118.3,0,39.8,0,39.8V0h1000v36.5c0,0-28.2-18.5-92.1-18.5C810.2,18.1,775.7,67.3,734,67.3z\"\/>\n\t<path class=\"elementor-shape-fill\" d=\"M766.1,28.9c-200-57.5-266,65.5-395.1,19.5C242,1.8,242,5.4,184.8,20.6C128,35.8,132.3,44.9,89.9,52.5C28.6,63.7,0,0,0,0 h1000c0,0-9.9,40.9-83.6,48.1S829.6,47,766.1,28.9z\"\/>\n<\/svg>\t\t<\/div>\n\t\t\t\t\t<div class=\"elementor-container elementor-column-gap-default\">\n\t\t\t\t\t<div class=\"elementor-column elementor-col-100 elementor-top-column elementor-element elementor-element-34a6ba11\" data-id=\"34a6ba11\" data-element_type=\"column\" data-e-type=\"column\">\n\t\t\t<div class=\"elementor-widget-wrap elementor-element-populated\">\n\t\t\t\t\t\t<div class=\"elementor-element elementor-element-149517e typer elementor-widget elementor-widget-heading\" data-id=\"149517e\" data-element_type=\"widget\" data-e-type=\"widget\" data-widget_type=\"heading.default\">\n\t\t\t\t\t<h1 class=\"elementor-heading-title elementor-size-default\">Schiedsvertrag<\/h1>\t\t\t\t<\/div>\n\t\t\t\t\t<\/div>\n\t\t<\/div>\n\t\t\t\t\t<\/div>\n\t\t<\/section>\n\t\t<div class=\"elementor-element elementor-element-74fd3bc1 e-flex e-con-boxed e-con e-parent\" data-id=\"74fd3bc1\" data-element_type=\"container\" data-e-type=\"container\" data-settings=\"{&quot;shape_divider_bottom&quot;:&quot;mountains&quot;}\">\n\t\t\t\t\t<div class=\"e-con-inner\">\n\t\t\t\t<div class=\"elementor-shape elementor-shape-bottom\" aria-hidden=\"true\" data-negative=\"false\">\n\t\t\t<svg xmlns=\"http:\/\/www.w3.org\/2000\/svg\" viewBox=\"0 0 1000 100\" preserveAspectRatio=\"none\">\n\t<path class=\"elementor-shape-fill\" opacity=\"0.33\" d=\"M473,67.3c-203.9,88.3-263.1-34-320.3,0C66,119.1,0,59.7,0,59.7V0h1000v59.7 c0,0-62.1,26.1-94.9,29.3c-32.8,3.3-62.8-12.3-75.8-22.1C806,49.6,745.3,8.7,694.9,4.7S492.4,59,473,67.3z\"\/>\n\t<path class=\"elementor-shape-fill\" opacity=\"0.66\" d=\"M734,67.3c-45.5,0-77.2-23.2-129.1-39.1c-28.6-8.7-150.3-10.1-254,39.1 s-91.7-34.4-149.2,0C115.7,118.3,0,39.8,0,39.8V0h1000v36.5c0,0-28.2-18.5-92.1-18.5C810.2,18.1,775.7,67.3,734,67.3z\"\/>\n\t<path class=\"elementor-shape-fill\" d=\"M766.1,28.9c-200-57.5-266,65.5-395.1,19.5C242,1.8,242,5.4,184.8,20.6C128,35.8,132.3,44.9,89.9,52.5C28.6,63.7,0,0,0,0 h1000c0,0-9.9,40.9-83.6,48.1S829.6,47,766.1,28.9z\"\/>\n<\/svg>\t\t<\/div>\n\t\t\t\t<div class=\"elementor-element elementor-element-525ef86 elementor-toc--minimized-on-tablet elementor-widget elementor-widget-table-of-contents\" data-id=\"525ef86\" data-element_type=\"widget\" data-e-type=\"widget\" data-settings=\"{&quot;exclude_headings_by_selector&quot;:[],&quot;marker_view&quot;:&quot;bullets&quot;,&quot;icon&quot;:{&quot;value&quot;:&quot;&quot;,&quot;library&quot;:&quot;&quot;},&quot;headings_by_tags&quot;:[&quot;h2&quot;,&quot;h3&quot;,&quot;h4&quot;,&quot;h5&quot;,&quot;h6&quot;],&quot;minimize_box&quot;:&quot;yes&quot;,&quot;minimized_on&quot;:&quot;tablet&quot;,&quot;hierarchical_view&quot;:&quot;yes&quot;,&quot;min_height&quot;:{&quot;unit&quot;:&quot;px&quot;,&quot;size&quot;:&quot;&quot;,&quot;sizes&quot;:[]},&quot;min_height_tablet&quot;:{&quot;unit&quot;:&quot;px&quot;,&quot;size&quot;:&quot;&quot;,&quot;sizes&quot;:[]},&quot;min_height_mobile&quot;:{&quot;unit&quot;:&quot;px&quot;,&quot;size&quot;:&quot;&quot;,&quot;sizes&quot;:[]}}\" data-widget_type=\"table-of-contents.default\">\n\t\t\t\t\t\t\t\t\t<div class=\"elementor-toc__header\">\n\t\t\t\t\t\t<h2 class=\"elementor-toc__header-title\">\n\t\t\t\tInhaltsverzeichnis des Schiedsvertrages\t\t\t<\/h2>\n\t\t\t\t\t\t\t\t\t\t<div class=\"elementor-toc__toggle-button elementor-toc__toggle-button--expand\" role=\"button\" tabindex=\"0\" aria-controls=\"elementor-toc__525ef86\" aria-expanded=\"true\" aria-label=\"Inhaltsverzeichnis \u00f6ffnen\"><svg aria-hidden=\"true\" class=\"e-font-icon-svg e-fas-chevron-down\" viewBox=\"0 0 448 512\" xmlns=\"http:\/\/www.w3.org\/2000\/svg\"><path d=\"M207.029 381.476L12.686 187.132c-9.373-9.373-9.373-24.569 0-33.941l22.667-22.667c9.357-9.357 24.522-9.375 33.901-.04L224 284.505l154.745-154.021c9.379-9.335 24.544-9.317 33.901.04l22.667 22.667c9.373 9.373 9.373 24.569 0 33.941L240.971 381.476c-9.373 9.372-24.569 9.372-33.942 0z\"><\/path><\/svg><\/div>\n\t\t\t\t<div class=\"elementor-toc__toggle-button elementor-toc__toggle-button--collapse\" role=\"button\" tabindex=\"0\" aria-controls=\"elementor-toc__525ef86\" aria-expanded=\"true\" aria-label=\"Inhaltsverzeichnis schlie\u00dfen\"><svg aria-hidden=\"true\" class=\"e-font-icon-svg e-fas-chevron-up\" viewBox=\"0 0 448 512\" xmlns=\"http:\/\/www.w3.org\/2000\/svg\"><path d=\"M240.971 130.524l194.343 194.343c9.373 9.373 9.373 24.569 0 33.941l-22.667 22.667c-9.357 9.357-24.522 9.375-33.901.04L224 227.495 69.255 381.516c-9.379 9.335-24.544 9.317-33.901-.04l-22.667-22.667c-9.373-9.373-9.373-24.569 0-33.941L207.03 130.525c9.372-9.373 24.568-9.373 33.941-.001z\"><\/path><\/svg><\/div>\n\t\t\t\t\t<\/div>\n\t\t\t\t<div id=\"elementor-toc__525ef86\" class=\"elementor-toc__body\">\n\t\t\t<div class=\"elementor-toc__spinner-container\">\n\t\t\t\t<svg class=\"elementor-toc__spinner eicon-animation-spin e-font-icon-svg e-eicon-loading\" aria-hidden=\"true\" viewBox=\"0 0 1000 1000\" xmlns=\"http:\/\/www.w3.org\/2000\/svg\"><path d=\"M500 975V858C696 858 858 696 858 500S696 142 500 142 142 304 142 500H25C25 237 238 25 500 25S975 237 975 500 763 975 500 975Z\"><\/path><\/svg>\t\t\t<\/div>\n\t\t<\/div>\n\t\t\t\t\t\t<\/div>\n\t\t\t\t<div class=\"elementor-element elementor-element-47f83778 elementor-widget elementor-widget-heading\" data-id=\"47f83778\" data-element_type=\"widget\" data-e-type=\"widget\" data-widget_type=\"heading.default\">\n\t\t\t\t\t<h2 class=\"elementor-heading-title elementor-size-default\">\u00a71 Zust\u00e4ndigkeit des Schiedsgerichts<\/h2>\t\t\t\t<\/div>\n\t\t\t\t<div class=\"elementor-element elementor-element-1028da03 elementor-widget elementor-widget-text-editor\" data-id=\"1028da03\" data-element_type=\"widget\" data-e-type=\"widget\" data-widget_type=\"text-editor.default\">\n\t\t\t\t\t\t\t\t\t<p>1. Alle Streitigkeiten aus dem Vertrag werden unter Ausschluss des ordentlichen Rechtsweges durch ein Schiedsgericht entschieden. Dies gilt auch f\u00fcr Streitigkeiten \u00fcber die Wirksamkeit, Durchf\u00fchrung und Beendigung des Vertragsverh\u00e4ltnisses, einzelner Vertragsbestimmungen und etwaiger Nachtr\u00e4ge.<\/p><p>2. Die Anrufung des Schiedsgerichts ist erst zul\u00e4ssig, wenn eine einvernehmliche L\u00f6sung einer strittigen Vertragsauslegung zwischen den Parteien innerhalb von 6 Wochen nach schriftlicher Ank\u00fcndigung der beabsichtigten Anrufung nicht erreicht werden konnte.<\/p>\t\t\t\t\t\t\t\t<\/div>\n\t\t\t\t<div class=\"elementor-element elementor-element-7ca9b4f2 elementor-widget elementor-widget-heading\" data-id=\"7ca9b4f2\" data-element_type=\"widget\" data-e-type=\"widget\" data-widget_type=\"heading.default\">\n\t\t\t\t\t<h2 class=\"elementor-heading-title elementor-size-default\">\u00a72 Zusammensetzung und Anrufung des Schiedsgerichts<\/h2>\t\t\t\t<\/div>\n\t\t\t\t<div class=\"elementor-element elementor-element-4cdecf8b elementor-widget elementor-widget-text-editor\" data-id=\"4cdecf8b\" data-element_type=\"widget\" data-e-type=\"widget\" data-widget_type=\"text-editor.default\">\n\t\t\t\t\t\t\t\t\t<p>1. Das Schiedsgericht besteht aus drei Schiedsrichtern, n\u00e4mlich zwei beisitzenden Schiedsrichtern und einem Obmann als Vorsitzendem.<\/p><p>2. Jede Partei ernennt einen beisitzenden Schiedsrichter. Die beiden ernannten Schiedsrichter bestellen einen Obmann, der die Bef\u00e4higung zum Richteramt nach den Vorschriften der Bundesrepublik Deutschland haben muss.<\/p><p>3. Die Partei, die das Schiedsgericht anrufen will, hat dies unter Angabe des Gegenstandes und des Grundes des erhobenen Anspruchs sowie eines bestimmten Antrags bei gleichzeitiger Benennung (Name, Anschrift) eines Schiedsrichters der beklagten Partei durch eingeschriebenen Brief mitzuteilen und diese zugleich aufzufordern, innerhalb von drei Wochen nach Zugang des Aufforderungsschreibens ihrerseits einen Schiedsrichter zu benennen.<\/p><p>4. Wenn die beklagte Partei einen zur Annahme des Amtes bereiten Schiedsrichter innerhalb der Frist gem. Abs. 3 nicht benennt oder wenn die beiden ernannten Schiedsrichter den Obmann innerhalb von drei Wochen nach Benennung des zweiten Schiedsrichters nicht bestellen, wird der beisitzende Schiedsrichter bzw. der Obmann auf Antrag einer Partei von dem Pr\u00e4sidenten der IHK in Bayreuth bestellt.<\/p><p>5. Mehrere das Schiedsgericht anrufende Kl\u00e4ger oder mehrere Personen auf der Beklagtenseite gelten jeweils als eine Partei. Mehrere Kl\u00e4ger bzw. mehrere Beklagte k\u00f6nnen einen Schiedsrichter nur jeweils gemeinsam benennen. Die Benennung hat gegen\u00fcber allen auf Seiten der Gegenpartei beteiligten Personen zu erfolgen.<\/p><p>6. Sofern mehrere Kl\u00e4ger, die ihr Recht nur gemeinschaftlich geltend machen k\u00f6nnen, sich innerhalb einer angemessenen Frist nicht auf die Person eines Schiedsrichters einigen, ist jeder Kl\u00e4ger berechtigt, den Pr\u00e4sidenten der IHK in Bayreuth um Ernennung eines gemeinsamen Schiedsrichters f\u00fcr die Kl\u00e4gerseite zu ersuchen.<\/p><p>7. Den Antrag gem\u00e4\u00df Absatz 4 an den Pr\u00e4sidenten der IHK in Bayreuth kann jeder Kl\u00e4ger bzw. jeder Beklagte einzeln stellen.<\/p>\t\t\t\t\t\t\t\t<\/div>\n\t\t\t\t<div class=\"elementor-element elementor-element-578279d3 elementor-widget elementor-widget-heading\" data-id=\"578279d3\" data-element_type=\"widget\" data-e-type=\"widget\" data-widget_type=\"heading.default\">\n\t\t\t\t\t<h2 class=\"elementor-heading-title elementor-size-default\">\u00a73 Wegfall eines Schiedsrichters<\/h2>\t\t\t\t<\/div>\n\t\t\t\t<div class=\"elementor-element elementor-element-3a8b51e2 elementor-widget elementor-widget-text-editor\" data-id=\"3a8b51e2\" data-element_type=\"widget\" data-e-type=\"widget\" data-widget_type=\"text-editor.default\">\n\t\t\t\t\t\t\t\t\t<p>1. Falls ein Schiedsrichter stirbt oder aus einem anderen Grunde wegf\u00e4llt oder die \u00dcbernahme oder die Ausf\u00fchrung des Schiedsrichteramtes verweigert, ist innerhalb von drei Wochen nach Aufforderung durch die andere Partei von der urspr\u00fcnglich ernennungsberechtigten Partei ein neuer Schiedsrichter bzw. von den beiden beisitzenden Schiedsrichtern ein neuer Obmann zu bestellen. \u00a7 2 Abs. 3 bis 7 gelten entsprechend.<\/p><p>2. Soweit nicht zwingende gesetzliche Vorschriften entgegenstehen, beschlie\u00dft das Schiedsgericht in seiner neuen Zusammensetzung nach pflichtm\u00e4\u00dfigem Ermessen, ob und inwieweit das bisherige Verfahren ganz oder teilweise wiederholt werden soll. Jedenfalls muss den Parteien Gelegenheit gegeben werden, sich erneut zu \u00e4u\u00dfern.<\/p>\t\t\t\t\t\t\t\t<\/div>\n\t\t\t\t<div class=\"elementor-element elementor-element-40c75cb1 elementor-widget elementor-widget-heading\" data-id=\"40c75cb1\" data-element_type=\"widget\" data-e-type=\"widget\" data-widget_type=\"heading.default\">\n\t\t\t\t\t<h2 class=\"elementor-heading-title elementor-size-default\">\u00a74 Verfahren<\/h2>\t\t\t\t<\/div>\n\t\t\t\t<div class=\"elementor-element elementor-element-40b6cd71 elementor-widget elementor-widget-text-editor\" data-id=\"40b6cd71\" data-element_type=\"widget\" data-e-type=\"widget\" data-widget_type=\"text-editor.default\">\n\t\t\t\t\t\t\t\t\t<p>1. Das Schiedsgericht tagt in Bayreuth, Deutschland, es sei denn, die drei Schiedsrichter oder die Parteien bestimmen \u00fcbereinstimmend einen anderen Tagungsort.<\/p><p>2. Die Parteien sind vor dem Schiedsgericht m\u00fcndlich zu h\u00f6ren, wenn nicht beide Parteien auf m\u00fcndliche Verhandlung verzichten.<\/p><p>3. Auf das Verfahren des Schiedsgerichts sind im \u00dcbrigen die Vorschriften des 10. Buches der Zivilprozessordnung anzuwenden.<\/p><p>4. Das Schiedsgericht entscheidet auch \u00fcber die Kosten des schiedsgerichtlichen Verfahrens.<\/p><p>5. Gegen den Spruch des Schiedsgerichts ist ein Rechtsmittel nicht gegeben.<\/p><p><strong>Dieser Vertrag kommt rechtswirksam durch Installation zustande.<\/strong><\/p>\t\t\t\t\t\t\t\t<\/div>\n\t\t\t\t\t<\/div>\n\t\t\t\t<\/div>\n\t\t\t\t<\/div>\n\t\t","protected":false},"excerpt":{"rendered":"<p>Schiedsvertrag Inhaltsverzeichnis des Schiedsvertrages \u00a71 Zust\u00e4ndigkeit des Schiedsgerichts 1. Alle Streitigkeiten aus dem Vertrag werden unter Ausschluss des ordentlichen Rechtsweges durch ein Schiedsgericht entschieden. Dies gilt auch f\u00fcr Streitigkeiten \u00fcber die Wirksamkeit, Durchf\u00fchrung und Beendigung des Vertragsverh\u00e4ltnisses, einzelner Vertragsbestimmungen und etwaiger Nachtr\u00e4ge. 2. Die Anrufung des Schiedsgerichts ist erst zul\u00e4ssig, wenn eine einvernehmliche L\u00f6sung einer&hellip;<\/p>\n","protected":false},"author":2,"featured_media":0,"parent":0,"menu_order":0,"comment_status":"closed","ping_status":"closed","template":"","meta":{"_acf_changed":false,"footnotes":""},"class_list":["post-796","page","type-page","status-publish","hentry"],"acf":[],"_links":{"self":[{"href":"https:\/\/www.synerpy.com\/cm\/wp-json\/wp\/v2\/pages\/796","targetHints":{"allow":["GET"]}}],"collection":[{"href":"https:\/\/www.synerpy.com\/cm\/wp-json\/wp\/v2\/pages"}],"about":[{"href":"https:\/\/www.synerpy.com\/cm\/wp-json\/wp\/v2\/types\/page"}],"author":[{"embeddable":true,"href":"https:\/\/www.synerpy.com\/cm\/wp-json\/wp\/v2\/users\/2"}],"replies":[{"embeddable":true,"href":"https:\/\/www.synerpy.com\/cm\/wp-json\/wp\/v2\/comments?post=796"}],"version-history":[{"count":10,"href":"https:\/\/www.synerpy.com\/cm\/wp-json\/wp\/v2\/pages\/796\/revisions"}],"predecessor-version":[{"id":23911,"href":"https:\/\/www.synerpy.com\/cm\/wp-json\/wp\/v2\/pages\/796\/revisions\/23911"}],"wp:attachment":[{"href":"https:\/\/www.synerpy.com\/cm\/wp-json\/wp\/v2\/media?parent=796"}],"curies":[{"name":"wp","href":"https:\/\/api.w.org\/{rel}","templated":true}]}}